{"id":89979,"date":"2026-05-11T19:35:40","date_gmt":"2026-05-12T00:35:40","guid":{"rendered":"https:\/\/kinshipradio.org\/home\/?page_id=89979"},"modified":"2026-05-11T19:35:40","modified_gmt":"2026-05-12T00:35:40","slug":"carta-a-los-oyentes-letter-to-listeners","status":"publish","type":"page","link":"https:\/\/kinshipradio.org\/home\/carta-a-los-oyentes-letter-to-listeners\/","title":{"rendered":"Carta a los oyentes &#8211; Letter to Listeners"},"content":{"rendered":"[vc_row type=&#8221;in_container&#8221; full_screen_row_position=&#8221;middle&#8221; column_margin=&#8221;default&#8221; column_direction=&#8221;default&#8221; column_direction_tablet=&#8221;default&#8221; column_direction_phone=&#8221;default&#8221; scene_position=&#8221;center&#8221; text_color=&#8221;dark&#8221; text_align=&#8221;left&#8221; row_border_radius=&#8221;none&#8221; row_border_radius_applies=&#8221;bg&#8221; overflow=&#8221;visible&#8221; overlay_strength=&#8221;0.3&#8243; gradient_direction=&#8221;left_to_right&#8221; shape_divider_position=&#8221;bottom&#8221; bg_image_animation=&#8221;none&#8221;][vc_column column_padding=&#8221;no-extra-padding&#8221; column_padding_tablet=&#8221;inherit&#8221; column_padding_phone=&#8221;inherit&#8221; column_padding_position=&#8221;all&#8221; column_element_spacing=&#8221;default&#8221; background_color_opacity=&#8221;1&#8243; background_hover_color_opacity=&#8221;1&#8243; column_shadow=&#8221;none&#8221; column_border_radius=&#8221;none&#8221; column_link_target=&#8221;_self&#8221; column_position=&#8221;default&#8221; gradient_direction=&#8221;left_to_right&#8221; overlay_strength=&#8221;0.3&#8243; width=&#8221;1\/6&#8243; tablet_width_inherit=&#8221;default&#8221; tablet_text_alignment=&#8221;default&#8221; phone_text_alignment=&#8221;default&#8221; animation_type=&#8221;default&#8221; bg_image_animation=&#8221;none&#8221; border_type=&#8221;simple&#8221; column_border_width=&#8221;none&#8221; column_border_style=&#8221;solid&#8221;][\/vc_column][vc_column column_padding=&#8221;no-extra-padding&#8221; column_padding_tablet=&#8221;inherit&#8221; column_padding_phone=&#8221;inherit&#8221; column_padding_position=&#8221;all&#8221; column_element_spacing=&#8221;default&#8221; background_color_opacity=&#8221;1&#8243; background_hover_color_opacity=&#8221;1&#8243; column_shadow=&#8221;none&#8221; column_border_radius=&#8221;none&#8221; column_link_target=&#8221;_self&#8221; column_position=&#8221;default&#8221; gradient_direction=&#8221;left_to_right&#8221; overlay_strength=&#8221;0.3&#8243; width=&#8221;2\/3&#8243; tablet_width_inherit=&#8221;default&#8221; tablet_text_alignment=&#8221;default&#8221; phone_text_alignment=&#8221;default&#8221; animation_type=&#8221;default&#8221; bg_image_animation=&#8221;none&#8221; border_type=&#8221;simple&#8221; column_border_width=&#8221;none&#8221; column_border_style=&#8221;solid&#8221;][vc_column_text]<span style=\"font-size: 18px;\">Estimado amigo oyente:<\/span><\/p>\n<p><span style=\"font-size: 18px;\">El coraz\u00f3n y el alma de Kinship consisten en ayudar a los oyentes a descubrir, conocer y crecer en su relaci\u00f3n con Jes\u00fas. Con esta visi\u00f3n en mente, Kinship Radio puso en marcha su iniciativa de programaci\u00f3n en espa\u00f1ol. Praxedis Soria condujo un segmento los s\u00e1bados por la noche en la emisora KJLY en el a\u00f1o 2013. Poco tiempo despu\u00e9s, la programaci\u00f3n en espa\u00f1ol se traslad\u00f3 de KJLY a las ma\u00f1anas en la emisora KJTS. Finalmente, en septiembre de 2024, se expandi\u00f3 hasta convertirse en una programaci\u00f3n continua las 24 horas del d\u00eda, los 7 d\u00edas de la semana, a trav\u00e9s de cinco de las se\u00f1ales de Kinship Radio.<\/span><\/p>\n<p><span style=\"font-size: 18px;\">Sabemos que los oyentes reciben aliento e inspiraci\u00f3n a trav\u00e9s de esta iniciativa. Esto ha brindado una oportunidad \u00fanica para llegar a las comunidades locales con el Evangelio mediante un formato dise\u00f1ado espec\u00edficamente para ello. Hoy, estamos agradecidos por la labor de Ismael Mart\u00ednez, Javier Rodr\u00edguez, LaDonna Alvarado y otros miembros del equipo que sirven incansable y apasionadamente.<\/span><\/p>\n<p><span style=\"font-size: 18px;\">Lamentablemente, nuestra capacidad para proporcionar los recursos necesarios para mantener nuestras transmisiones constituye una lucha constante que est\u00e1 afectando al ministerio general de Kinship Radio. Tras semanas de oraci\u00f3n y con el coraz\u00f3n apesadumbrado, daremos por finalizada nuestra programaci\u00f3n en espa\u00f1ol el viernes 15 de mayo, a las 5:00 p. m. Lo que se seguir\u00e1 transmitiendo de manera indefinida ser\u00e1 la programaci\u00f3n habitual que se escucha en las se\u00f1ales principales de Kinship Radio.<\/span><\/p>\n<p><span style=\"font-size: 18px;\">No tomamos esta p\u00e9rdida a la ligera. Representa una p\u00e9rdida tanto para nuestra organizaci\u00f3n como para los oyentes del sur de Minnesota y el norte de Iowa.<\/span><\/p>\n<p><span style=\"font-size: 18px;\">Ofrecemos una alternativa para aquellos oyentes que disfrutan de la programaci\u00f3n en espa\u00f1ol de Kinship Radio: Vida Unida, con sede en Houston, Texas, es una emisora amiga de Kinship Radio. Su programaci\u00f3n est\u00e1 disponible en l\u00ednea haciendo clic aqu\u00ed. Vida Unida tambi\u00e9n cuenta con una aplicaci\u00f3n m\u00f3vil disponible tanto para usuarios de Android como de Apple.<\/span><\/p>\n<p><span style=\"font-size: 18px;\">Gracias por el apoyo que han brindado a este ministerio. Seguimos dando la bienvenida a los oyentes a nuestra programaci\u00f3n principal, y agradecemos sus oraciones mientras buscamos la direcci\u00f3n de Dios para el futuro de Kinship Radio.<\/span><\/p>\n<p><span style=\"font-size: 18px;\">Atentamente,<\/span><\/p>\n<p><span style=\"font-size: 18px;\">Chris Lemke<\/span><\/p>\n<p><span style=\"font-size: 18px;\">Director Ejecutivo, Kinship Radio<\/span>[\/vc_column_text][\/vc_column][vc_column column_padding=&#8221;no-extra-padding&#8221; column_padding_tablet=&#8221;inherit&#8221; column_padding_phone=&#8221;inherit&#8221; column_padding_position=&#8221;all&#8221; column_element_spacing=&#8221;default&#8221; background_color_opacity=&#8221;1&#8243; background_hover_color_opacity=&#8221;1&#8243; column_shadow=&#8221;none&#8221; column_border_radius=&#8221;none&#8221; column_link_target=&#8221;_self&#8221; column_position=&#8221;default&#8221; gradient_direction=&#8221;left_to_right&#8221; overlay_strength=&#8221;0.3&#8243; width=&#8221;1\/6&#8243; tablet_width_inherit=&#8221;default&#8221; tablet_text_alignment=&#8221;default&#8221; phone_text_alignment=&#8221;default&#8221; animation_type=&#8221;default&#8221; bg_image_animation=&#8221;none&#8221; border_type=&#8221;simple&#8221; column_border_width=&#8221;none&#8221; column_border_style=&#8221;solid&#8221;][\/vc_column][\/vc_row]\n","protected":false},"excerpt":{"rendered":"<p>[vc_row type=&#8221;in_container&#8221; full_screen_row_position=&#8221;middle&#8221; column_margin=&#8221;default&#8221; column_direction=&#8221;default&#8221; column_direction_tablet=&#8221;default&#8221; column_direction_phone=&#8221;default&#8221; scene_position=&#8221;center&#8221; text_color=&#8221;dark&#8221; text_align=&#8221;left&#8221; row_border_radius=&#8221;none&#8221; row_border_radius_applies=&#8221;bg&#8221; overflow=&#8221;visible&#8221; overlay_strength=&#8221;0.3&#8243; gradient_direction=&#8221;left_to_right&#8221; shape_divider_position=&#8221;bottom&#8221; bg_image_animation=&#8221;none&#8221;][vc_column column_padding=&#8221;no-extra-padding&#8221; column_padding_tablet=&#8221;inherit&#8221; column_padding_phone=&#8221;inherit&#8221; column_padding_position=&#8221;all&#8221; column_element_spacing=&#8221;default&#8221; background_color_opacity=&#8221;1&#8243; background_hover_color_opacity=&#8221;1&#8243; column_shadow=&#8221;none&#8221; column_border_radius=&#8221;none&#8221; column_link_target=&#8221;_self&#8221; column_position=&#8221;default&#8221; gradient_direction=&#8221;left_to_right&#8221; overlay_strength=&#8221;0.3&#8243;&#8230;<\/p>\n","protected":false},"author":1,"featured_media":0,"parent":0,"menu_order":0,"comment_status":"closed","ping_status":"closed","template":"","meta":{"_acf_changed":false,"_monsterinsights_skip_tracking":false,"_monsterinsights_sitenote_active":false,"_monsterinsights_sitenote_note":"","_monsterinsights_sitenote_category":0,"_price":"","_stock":"","_tribe_ticket_header":"","_tribe_default_ticket_provider":"","_tribe_ticket_capacity":"0","_ticket_start_date":"","_ticket_end_date":"","_tribe_ticket_show_description":"","_tribe_ticket_show_not_going":false,"_tribe_ticket_use_global_stock":"","_tribe_ticket_global_stock_level":"","_global_stock_mode":"","_global_stock_cap":"","_tribe_rsvp_for_event":"","_tribe_ticket_going_count":"","_tribe_ticket_not_going_count":"","_tribe_tickets_list":"[]","_tribe_ticket_has_attendee_info_fields":false,"footnotes":"","_tec_slr_enabled":"","_tec_slr_layout":""},"acf":[],"publishpress_future_action":{"enabled":false,"date":"2026-05-19 07:56:52","action":"change-status","newStatus":"draft","terms":[],"taxonomy":""},"ticketed":false,"_links":{"self":[{"href":"https:\/\/kinshipradio.org\/home\/wp-json\/wp\/v2\/pages\/89979"}],"collection":[{"href":"https:\/\/kinshipradio.org\/home\/wp-json\/wp\/v2\/pages"}],"about":[{"href":"https:\/\/kinshipradio.org\/home\/wp-json\/wp\/v2\/types\/page"}],"author":[{"embeddable":true,"href":"https:\/\/kinshipradio.org\/home\/wp-json\/wp\/v2\/users\/1"}],"replies":[{"embeddable":true,"href":"https:\/\/kinshipradio.org\/home\/wp-json\/wp\/v2\/comments?post=89979"}],"version-history":[{"count":3,"href":"https:\/\/kinshipradio.org\/home\/wp-json\/wp\/v2\/pages\/89979\/revisions"}],"predecessor-version":[{"id":89982,"href":"https:\/\/kinshipradio.org\/home\/wp-json\/wp\/v2\/pages\/89979\/revisions\/89982"}],"wp:attachment":[{"href":"https:\/\/kinshipradio.org\/home\/wp-json\/wp\/v2\/media?parent=89979"}],"curies":[{"name":"wp","href":"https:\/\/api.w.org\/{rel}","templated":true}]}}