{"id":64674,"date":"2024-08-31T22:53:00","date_gmt":"2024-09-01T03:53:00","guid":{"rendered":"https:\/\/kinshipradio.org\/home\/?page_id=64674"},"modified":"2024-09-01T16:28:10","modified_gmt":"2024-09-01T21:28:10","slug":"staff-ladonna-alvarado-es","status":"publish","type":"page","link":"https:\/\/kinshipradio.org\/home\/staff-ladonna-alvarado-es\/","title":{"rendered":"Personal &#8211; LaDonna Alvarado"},"content":{"rendered":"[vc_row type=&#8221;in_container&#8221; full_screen_row_position=&#8221;middle&#8221; column_margin=&#8221;default&#8221; column_direction=&#8221;default&#8221; column_direction_tablet=&#8221;default&#8221; column_direction_phone=&#8221;default&#8221; scene_position=&#8221;center&#8221; text_color=&#8221;dark&#8221; text_align=&#8221;left&#8221; row_border_radius=&#8221;none&#8221; row_border_radius_applies=&#8221;bg&#8221; overflow=&#8221;visible&#8221; overlay_strength=&#8221;0.3&#8243; gradient_direction=&#8221;left_to_right&#8221; shape_divider_position=&#8221;bottom&#8221; bg_image_animation=&#8221;none&#8221;][vc_column column_padding=&#8221;no-extra-padding&#8221; column_padding_tablet=&#8221;inherit&#8221; column_padding_phone=&#8221;inherit&#8221; column_padding_position=&#8221;all&#8221; column_element_spacing=&#8221;default&#8221; background_color_opacity=&#8221;1&#8243; background_hover_color_opacity=&#8221;1&#8243; column_shadow=&#8221;none&#8221; column_border_radius=&#8221;none&#8221; column_link_target=&#8221;_self&#8221; column_position=&#8221;default&#8221; gradient_direction=&#8221;left_to_right&#8221; overlay_strength=&#8221;0.3&#8243; width=&#8221;1\/1&#8243; tablet_width_inherit=&#8221;default&#8221; tablet_text_alignment=&#8221;default&#8221; phone_text_alignment=&#8221;default&#8221; animation_type=&#8221;default&#8221; bg_image_animation=&#8221;none&#8221; border_type=&#8221;simple&#8221; column_border_width=&#8221;none&#8221; column_border_style=&#8221;solid&#8221;][vc_column_text]\n<p style=\"text-align: left;\"><span style=\"font-size: 18pt; font-family: arial, helvetica, sans-serif;\"><strong><img loading=\"lazy\" decoding=\"async\" class=\"size-full wp-image-49153 alignleft\" src=\"https:\/\/kinshipradio.org\/home\/wp-content\/uploads\/2023\/06\/AlvaradoLaDonna1staff.jpg\" alt=\"\" width=\"250\" height=\"250\" srcset=\"https:\/\/kinshipradio.org\/home\/wp-content\/uploads\/2023\/06\/AlvaradoLaDonna1staff.jpg 250w, https:\/\/kinshipradio.org\/home\/wp-content\/uploads\/2023\/06\/AlvaradoLaDonna1staff-80x80.jpg 80w, https:\/\/kinshipradio.org\/home\/wp-content\/uploads\/2023\/06\/AlvaradoLaDonna1staff-100x100.jpg 100w, https:\/\/kinshipradio.org\/home\/wp-content\/uploads\/2023\/06\/AlvaradoLaDonna1staff-140x140.jpg 140w\" sizes=\"(max-width: 250px) 100vw, 250px\" \/>LaDonna Alvarado<br \/>\n<\/strong><span style=\"font-size: 12pt;\">Locutora en directo<\/span><br \/>\n<\/span><\/p>\n<p><span style=\"font-size: 14pt;\">LaDonna Alvarado trae muchas habilidades a su ministerio en Kinship Radio. Profesionalmente, LaDonna ha pasado una parte de su carrera defendiendo a las poblaciones desatendidas. Su coraz\u00f3n de servicio se extiende al ministerio de m\u00fasica como parte del equipo de alabanza y adoraci\u00f3n en la Iglesia Nueva Creaci\u00f3n (New Creation World Outreach Church). Como nativa de Mankato, Minnesota, con sangre salvadore\u00f1a, LaDonna tambien ministra en ingl\u00e9s durante la semana en Kinship Radio. LaDonna est\u00e1 casada con su esposo Derick, y tienen tres hijos. Cuando ella tiene tiempo para relajarse, le gusta pasar tiempo con la familia, ir de compras, viajar o ver un buena pel\u00edcula. Le gusta especialmente alabar al Se\u00f1or con musica y cantos.<\/span>[\/vc_column_text][\/vc_column][\/vc_row]\n","protected":false},"excerpt":{"rendered":"<p>[vc_row type=&#8221;in_container&#8221; full_screen_row_position=&#8221;middle&#8221; column_margin=&#8221;default&#8221; column_direction=&#8221;default&#8221; column_direction_tablet=&#8221;default&#8221; column_direction_phone=&#8221;default&#8221; scene_position=&#8221;center&#8221; text_color=&#8221;dark&#8221; text_align=&#8221;left&#8221; row_border_radius=&#8221;none&#8221; row_border_radius_applies=&#8221;bg&#8221; overflow=&#8221;visible&#8221; overlay_strength=&#8221;0.3&#8243; gradient_direction=&#8221;left_to_right&#8221; shape_divider_position=&#8221;bottom&#8221; bg_image_animation=&#8221;none&#8221;][vc_column column_padding=&#8221;no-extra-padding&#8221; column_padding_tablet=&#8221;inherit&#8221; column_padding_phone=&#8221;inherit&#8221; column_padding_position=&#8221;all&#8221; column_element_spacing=&#8221;default&#8221; background_color_opacity=&#8221;1&#8243; background_hover_color_opacity=&#8221;1&#8243; column_shadow=&#8221;none&#8221; column_border_radius=&#8221;none&#8221; column_link_target=&#8221;_self&#8221; column_position=&#8221;default&#8221; gradient_direction=&#8221;left_to_right&#8221; overlay_strength=&#8221;0.3&#8243;&#8230;<\/p>\n","protected":false},"author":1,"featured_media":0,"parent":0,"menu_order":0,"comment_status":"closed","ping_status":"closed","template":"page-left-sidebar-es.php","meta":{"_acf_changed":false,"_monsterinsights_skip_tracking":false,"_monsterinsights_sitenote_active":false,"_monsterinsights_sitenote_note":"","_monsterinsights_sitenote_category":0,"_price":"","_stock":"","_tribe_ticket_header":"","_tribe_default_ticket_provider":"","_tribe_ticket_capacity":"0","_ticket_start_date":"","_ticket_end_date":"","_tribe_ticket_show_description":"","_tribe_ticket_show_not_going":false,"_tribe_ticket_use_global_stock":"","_tribe_ticket_global_stock_level":"","_global_stock_mode":"","_global_stock_cap":"","_tribe_rsvp_for_event":"","_tribe_ticket_going_count":"","_tribe_ticket_not_going_count":"","_tribe_tickets_list":"[]","_tribe_ticket_has_attendee_info_fields":false,"footnotes":"","_tec_slr_enabled":"","_tec_slr_layout":""},"acf":[],"publishpress_future_action":{"enabled":false,"date":"2026-04-20 05:59:15","action":"change-status","newStatus":"draft","terms":[],"taxonomy":""},"ticketed":false,"_links":{"self":[{"href":"https:\/\/kinshipradio.org\/home\/wp-json\/wp\/v2\/pages\/64674"}],"collection":[{"href":"https:\/\/kinshipradio.org\/home\/wp-json\/wp\/v2\/pages"}],"about":[{"href":"https:\/\/kinshipradio.org\/home\/wp-json\/wp\/v2\/types\/page"}],"author":[{"embeddable":true,"href":"https:\/\/kinshipradio.org\/home\/wp-json\/wp\/v2\/users\/1"}],"replies":[{"embeddable":true,"href":"https:\/\/kinshipradio.org\/home\/wp-json\/wp\/v2\/comments?post=64674"}],"version-history":[{"count":0,"href":"https:\/\/kinshipradio.org\/home\/wp-json\/wp\/v2\/pages\/64674\/revisions"}],"wp:attachment":[{"href":"https:\/\/kinshipradio.org\/home\/wp-json\/wp\/v2\/media?parent=64674"}],"curies":[{"name":"wp","href":"https:\/\/api.w.org\/{rel}","templated":true}]}}